{"id":200,"date":"2023-02-10T17:37:21","date_gmt":"2023-02-10T17:37:21","guid":{"rendered":"https:\/\/www.talentspotter.ro\/?page_id=200"},"modified":"2023-05-09T11:54:24","modified_gmt":"2023-05-09T11:54:24","slug":"contact","status":"publish","type":"page","link":"https:\/\/www.talentspotter.ro\/ro\/contact\/","title":{"rendered":"Contact"},"content":{"rendered":"<div class=\"standard-section 4xl:rounded-b-[20px] mt-[80px] hero\" style=\" \">\r\n    <div class=\"  pb-[32px] sm:pb-[81px]  sm:pt-[81px] pt-[44px]  sm:px-[70px] \">\r\n        <div class=\"grid tabmode:grid-cols-2 gap-3 tabmode:gap-[110px] mb-8\">\r\n            <div class=\"grid gap-[30px] h-fit content-hero\">\r\n\r\n                                                    <h1 class=\" text-headlines  mb-0   max-w-xl  \">Hai s\u0103 ne cunoastem!<\/h1>\r\n                \r\n                                                    <div class=\" text-body_text  max-w-lg\">\r\n                        <p>Dac\u0103 e\u0219ti \u00een c\u0103utarea unui job, trimite-ne \u0219i CV-ul sau arunc\u0103 o privire pe pagina cu <span style=\"text-decoration: underline;\"><strong><a href=\"\/ro\/job-finder\/\">Oportunit\u0103\u021bi de Angajare<\/a><\/strong><\/span>.<\/p>\n<p>&nbsp;<\/p>\n<p>Ne-ar pl\u0103cea s\u0103 afl\u0103m mai multe despre tine, a\u0219a c\u0103 te invit\u0103m s\u0103 completezi formularul de mai jos.<\/p>\n<p>&nbsp;<\/p>\n<p>\u00cen formularul de contact te rug\u0103m s\u0103 incluzi: numele complet, adresa de e-mail, num\u0103rul de telefon, compania pe care o reprezin\u021bi, precum \u0219i mesajul t\u0103u pentru noi.<\/p>\n                    <\/div>\r\n                \r\n                                \r\n                                    <div class=\"grid gap-3\">\r\n                                                    <p class=\"font-bold\">Informa\u021bii de contact:<\/p>\r\n\r\n                                                    <a class=\"buton_primary_small gap-2 w-fit font-bold\" style=\"font-weight: bold;\" href=\"tel:0372924606\">\r\n                                <svg width=\"15\" height=\"21\" viewBox=\"0 0 15 21\" fill=\"none\" xmlns=\"http:\/\/www.w3.org\/2000\/svg\">\r\n                                    <path d=\"M11.5768 0.302734H3.57682C2.10642 0.302734 0.910156 1.499 0.910156 2.9694V17.6361C0.910156 19.1065 2.10642 20.3027 3.57682 20.3027H11.5768C13.0472 20.3027 14.2435 19.1065 14.2435 17.6361V2.9694C14.2435 1.499 13.0472 0.302734 11.5768 0.302734ZM8.24349 17.6361H6.91016C6.542 17.6361 6.24349 17.3376 6.24349 16.9694C6.24349 16.6012 6.542 16.3027 6.91016 16.3027H8.24349C8.61165 16.3027 8.91016 16.6012 8.91016 16.9694C8.91016 17.3376 8.61165 17.6361 8.24349 17.6361ZM8.91016 3.63607H6.24349C5.87533 3.63607 5.57682 3.33756 5.57682 2.9694C5.57682 2.60124 5.87533 2.30273 6.24349 2.30273H8.91016C9.27831 2.30273 9.57682 2.60124 9.57682 2.9694C9.57682 3.33756 9.27831 3.63607 8.91016 3.63607Z\" fill=\"#263238\" \/>\r\n                                <\/svg>\r\n                                Telefon: 0372924606                            <\/a>\r\n\r\n                                                    <a class=\"button_secondary_small gap-2 w-fit font-bold text-white\" style=\"font-weight: bold;\" href=\"mailto:office@talentspotter.ro\">\r\n                                <svg width=\"21\" height=\"21\" viewBox=\"0 0 21 21\" fill=\"none\" xmlns=\"http:\/\/www.w3.org\/2000\/svg\">\r\n                                    <g clip-path=\"url(#clip0_1102_12783)\">\r\n                                        <path d=\"M17.2439 0.302612H3.91051C2.07255 0.302612 0.577148 1.79801 0.577148 3.63597V12.9694C0.577148 14.8073 2.07255 16.3027 3.91051 16.3027V19.6361C3.91051 19.9056 4.07301 20.1492 4.32198 20.252C4.40471 20.2865 4.49132 20.3028 4.57718 20.3028C4.7507 20.3028 4.92094 20.235 5.04862 20.1074L8.85325 16.3027H17.2438C19.0817 16.3027 20.5771 14.8073 20.5771 12.9694V3.63597C20.5771 1.79802 19.0817 0.302616 17.2438 0.302616L17.2439 0.302612ZM5.91052 4.30264H15.2439C15.7354 4.30264 16.1622 4.57541 16.3933 4.97392L10.5773 8.2064L4.76125 4.97392C4.99236 4.5754 5.41916 4.30264 5.91067 4.30264H5.91052ZM16.5773 10.9694C16.5773 11.7024 15.9773 12.3027 15.2439 12.3027H5.91052C5.17718 12.3027 4.57718 11.7024 4.57718 10.9694V6.39713L10.2534 9.55205C10.354 9.60815 10.4658 9.63613 10.5774 9.63613C10.689 9.63613 10.8007 9.60815 10.9013 9.5522L16.5776 6.39713L16.5773 10.9694Z\" fill=\"white\" \/>\r\n                                    <\/g>\r\n                                    <defs>\r\n                                        <clipPath id=\"clip0_1102_12783\">\r\n                                            <rect width=\"20\" height=\"20\" fill=\"white\" transform=\"translate(0.577148 0.302734)\" \/>\r\n                                        <\/clipPath>\r\n                                    <\/defs>\r\n                                <\/svg>\r\n\r\n                                office@talentspotter.ro                            <\/a>                     <\/div>\r\n                \r\n            <\/div>\r\n            <div class=\"relative\">\r\n                                        <svg class=\"absolute w-[15%] sm:w-auto z-20 sm:z-0   -bottom-8 left-12  tabmode:-top-8 tabmode:-left-8 \" width=\"76\" height=\"67\" viewBox=\"0 0 76 67\" fill=\"none\" xmlns=\"http:\/\/www.w3.org\/2000\/svg\">\r\n                            <circle cx=\"4.14446\" cy=\"4.11272\" r=\"3.62249\" fill=\"#D9C3C4\" \/>\r\n                            <circle cx=\"4.14446\" cy=\"18.6977\" r=\"3.62249\" fill=\"#D9C3C4\" \/>\r\n                            <circle cx=\"4.14446\" cy=\"33.2817\" r=\"3.62249\" fill=\"#D9C3C4\" \/>\r\n                            <circle cx=\"4.14446\" cy=\"47.8668\" r=\"3.62249\" fill=\"#D9C3C4\" \/>\r\n                            <circle cx=\"4.14446\" cy=\"62.4517\" r=\"3.62249\" fill=\"#D9C3C4\" \/>\r\n                            <circle cx=\"21.1972\" cy=\"4.11263\" r=\"3.62249\" fill=\"#D9C3C4\" \/>\r\n                            <circle cx=\"21.1977\" cy=\"18.6977\" r=\"3.62249\" fill=\"#D9C3C4\" \/>\r\n                            <circle cx=\"21.1977\" cy=\"33.2817\" r=\"3.62249\" fill=\"#D9C3C4\" \/>\r\n                            <circle cx=\"21.1972\" cy=\"47.8668\" r=\"3.62249\" fill=\"#D9C3C4\" \/>\r\n                            <circle cx=\"21.1972\" cy=\"62.4517\" r=\"3.62249\" fill=\"#D9C3C4\" \/>\r\n                            <circle cx=\"38.2499\" cy=\"4.11263\" r=\"3.62249\" fill=\"#D9C3C4\" \/>\r\n                            <circle cx=\"55.3027\" cy=\"4.11263\" r=\"3.62249\" fill=\"#D9C3C4\" \/>\r\n                            <circle cx=\"55.3022\" cy=\"18.6977\" r=\"3.62249\" fill=\"#D9C3C4\" \/>\r\n                            <circle cx=\"55.3022\" cy=\"33.2817\" r=\"3.62249\" fill=\"#D9C3C4\" \/>\r\n                            <circle cx=\"55.3027\" cy=\"47.8668\" r=\"3.62249\" fill=\"#D9C3C4\" \/>\r\n                            <circle cx=\"55.3027\" cy=\"62.4515\" r=\"3.62249\" fill=\"#D9C3C4\" \/>\r\n                            <circle cx=\"72.3554\" cy=\"4.11263\" r=\"3.62249\" fill=\"#D9C3C4\" \/>\r\n                            <circle cx=\"72.3549\" cy=\"18.6977\" r=\"3.62249\" fill=\"#D9C3C4\" \/>\r\n                            <circle cx=\"72.3549\" cy=\"33.2817\" r=\"3.62249\" fill=\"#D9C3C4\" \/>\r\n                            <circle cx=\"72.3554\" cy=\"47.8668\" r=\"3.62249\" fill=\"#D9C3C4\" \/>\r\n                            <circle cx=\"72.3554\" cy=\"62.4515\" r=\"3.62249\" fill=\"#D9C3C4\" \/>\r\n                            <circle cx=\"38.2499\" cy=\"18.6977\" r=\"3.62249\" fill=\"#D9C3C4\" \/>\r\n                            <circle cx=\"38.2499\" cy=\"33.2817\" r=\"3.62249\" fill=\"#D9C3C4\" \/>\r\n                            <circle cx=\"38.2499\" cy=\"47.8668\" r=\"3.62249\" fill=\"#D9C3C4\" \/>\r\n                            <circle cx=\"38.2499\" cy=\"62.4517\" r=\"3.62249\" fill=\"#D9C3C4\" \/>\r\n                        <\/svg>\r\n                                        <div class=\"relative w-full\" style=\"padding-top: 65%;\">\r\n\r\n                        <img loading=\"lazy\" decoding=\"async\" class=\"rounded-[10px] absolute top-0 left-0 w-full h-full  object-cover   \" width=\"640\" height=\"423\" src=\"https:\/\/www.talentspotter.ro\/wp-content\/uploads\/2023\/02\/Rectangle-1822-2-1.png\" alt=\"Hai s\u0103 ne cunoastem!\">\r\n                    <\/div>\r\n                            <\/div>\r\n        <\/div>\r\n            <\/div>\r\n<\/div>\n\n<div>\r\n    <div class=\"mt-[0px] mb-[32px] sm:mt-[20px] sm:mb-[100px]\">\r\n        <div class=\"sm:px-[70px]\">\r\n            <div class=\"standard-section rounded-[20px] custom_bg_one\">\r\n                <div class=\"grid lg:grid-cols-2 gap-[78px] mx-auto py-[25px] sm:py-[65px] custom_bg_two  rounded-[20px] px-4 sm:px-20\">\r\n                    <div class=\"grid lg:grid-cols-2 items-center justify-center lg:justify-start\">\r\n                        <div class=\"\">\r\n                            <h2 class=\" text-white mb-[30px]\">Scrie-ne aici mesajul tau!<\/h2>                        <\/div>\r\n                        <div class=\"pt-6 mx-auto\">\r\n                            <svg class=\"hidden lg:block\" width=\"75\" height=\"75\" viewBox=\"0 0 75 75\" fill=\"none\" xmlns=\"http:\/\/www.w3.org\/2000\/svg\">\r\n                                <path d=\"M53.3922 57.7063C53.7827 57.3157 53.7827 56.6826 53.3922 56.292L47.0282 49.9281C46.6377 49.5376 46.0045 49.5376 45.614 49.9281C45.2235 50.3186 45.2235 50.9518 45.614 51.3423L51.2708 56.9991L45.614 62.656C45.2235 63.0465 45.2235 63.6797 45.614 64.0702C46.0045 64.4607 46.6377 64.4607 47.0282 64.0702L53.3922 57.7063ZM22.0021 13.1523C23.4138 13.3768 24.2139 14.0669 24.7128 15.1489C25.2513 16.3167 25.4495 17.9769 25.4306 20.1002C25.4119 22.207 25.185 24.6181 24.9682 27.2465C24.7531 29.8539 24.5511 32.6473 24.6003 35.4343C24.6985 40.9942 25.7977 46.7023 29.9623 51.0025C34.1307 55.3065 41.172 57.9991 52.6851 57.9991V55.9991C41.44 55.9991 35.0353 53.3657 31.399 49.6111C27.759 45.8526 26.6948 40.7693 26.6 35.3989C26.5527 32.7207 26.7467 30.0141 26.9614 27.4109C27.1744 24.8288 27.411 22.3188 27.4306 20.118C27.45 17.9337 27.2614 15.8999 26.529 14.3115C25.7571 12.6374 24.4023 11.509 22.3163 11.1771L22.0021 13.1523Z\" fill=\"white\" \/>\r\n                            <\/svg>\r\n                            <svg class=\"block lg:hidden\" width=\"52\" height=\"33\" viewBox=\"0 0 52 33\" fill=\"none\" xmlns=\"http:\/\/www.w3.org\/2000\/svg\">\r\n                                <path d=\"M5.55219 32.0562C5.84508 32.3491 6.31996 32.3491 6.61285 32.0562L11.3858 27.2832C11.6787 26.9903 11.6787 26.5155 11.3858 26.2226C11.0929 25.9297 10.6181 25.9297 10.3252 26.2226L6.08252 30.4652L1.83988 26.2226C1.54698 25.9297 1.07211 25.9297 0.779216 26.2226C0.486323 26.5155 0.486323 26.9903 0.779216 27.2832L5.55219 32.0562ZM50.1763 0.882164C49.9383 2.3782 49.1935 3.24761 48.0374 3.78066C46.817 4.34336 45.1101 4.54041 42.9793 4.52144C40.8607 4.50259 38.4373 4.27448 35.8146 4.05816C33.2077 3.84314 30.4252 3.6421 27.6518 3.69108C22.1155 3.78886 16.4856 4.88369 12.2531 8.98275C8.01778 13.0846 5.33252 20.0463 5.33252 31.5259L6.83252 31.5259C6.83252 20.2473 9.47333 13.7631 13.2967 10.0603C17.1229 6.35466 22.2842 5.28612 27.6783 5.19085C30.3702 5.14331 33.0876 5.33833 35.6913 5.55308C38.2792 5.76653 40.7769 6.0019 42.9659 6.02138C45.1426 6.04075 47.1297 5.85098 48.6655 5.14283C50.2656 4.40503 51.3392 3.11956 51.6577 1.11784L50.1763 0.882164Z\" fill=\"white\" \/>\r\n                            <\/svg>\r\n\r\n                        <\/div>\r\n                    <\/div>\r\n                    <div class=\"form_shortcode\">\r\n                        \n<div class=\"wpcf7 no-js\" id=\"wpcf7-f210-o1\" lang=\"ro-RO\" dir=\"ltr\" data-wpcf7-id=\"210\">\n<div class=\"screen-reader-response\"><p role=\"status\" aria-live=\"polite\" aria-atomic=\"true\"><\/p> <ul><\/ul><\/div>\n<form action=\"\/ro\/wp-json\/wp\/v2\/pages\/200#wpcf7-f210-o1\" method=\"post\" class=\"wpcf7-form init\" aria-label=\"Formular de contact\" novalidate=\"novalidate\" data-status=\"init\">\n<fieldset class=\"hidden-fields-container\"><input type=\"hidden\" name=\"_wpcf7\" value=\"210\" \/><input type=\"hidden\" name=\"_wpcf7_version\" value=\"6.1.4\" \/><input type=\"hidden\" name=\"_wpcf7_locale\" value=\"ro_RO\" \/><input type=\"hidden\" name=\"_wpcf7_unit_tag\" value=\"wpcf7-f210-o1\" \/><input type=\"hidden\" name=\"_wpcf7_container_post\" value=\"0\" \/><input type=\"hidden\" name=\"_wpcf7_posted_data_hash\" value=\"\" \/>\n<\/fieldset>\n<div class=\"grid grid-cols-1 sm:grid-cols-2\">\n    <div class=\"sm:col-span-2\">\n        <span class=\"wpcf7-form-control-wrap\" data-name=\"first-name\"><input size=\"40\" maxlength=\"400\" class=\"wpcf7-form-control wpcf7-text wpcf7-validates-as-required\" aria-required=\"true\" aria-invalid=\"false\" placeholder=\"Nume\" value=\"\" type=\"text\" name=\"first-name\" \/><\/span>\n    <\/div>\n<div class=\"sm:col-span-2\">\n    <span class=\"wpcf7-form-control-wrap\" data-name=\"phone\"><input size=\"40\" maxlength=\"400\" class=\"wpcf7-form-control wpcf7-tel wpcf7-validates-as-required wpcf7-text wpcf7-validates-as-tel\" aria-required=\"true\" aria-invalid=\"false\" placeholder=\"Num\u0103r de telefon\" value=\"\" type=\"tel\" name=\"phone\" \/><\/span>\n<\/div>\n   <div class=\"sm:col-span-2\">\n        <span class=\"wpcf7-form-control-wrap\" data-name=\"company\"><input size=\"40\" maxlength=\"400\" class=\"wpcf7-form-control wpcf7-text wpcf7-validates-as-required\" aria-required=\"true\" aria-invalid=\"false\" placeholder=\"Companie\" value=\"\" type=\"text\" name=\"company\" \/><\/span>\n    <\/div>\n\n<div class=\"sm:col-span-2\">\n    <span class=\"wpcf7-form-control-wrap\" data-name=\"your-email\"><input size=\"40\" maxlength=\"400\" class=\"wpcf7-form-control wpcf7-email wpcf7-validates-as-required wpcf7-text wpcf7-validates-as-email\" aria-required=\"true\" aria-invalid=\"false\" placeholder=\"Adres\u0103 de email\" value=\"\" type=\"email\" name=\"your-email\" \/><\/span>\n<\/div>\n <div class=\"sm:col-span-2\">\n       <span class=\"wpcf7-form-control-wrap\" data-name=\"message\"><textarea cols=\"40\" rows=\"10\" maxlength=\"2000\" class=\"wpcf7-form-control wpcf7-textarea\" aria-invalid=\"false\" placeholder=\"Mesaj\" name=\"message\"><\/textarea><\/span>\n    <\/div>\n<div class=\"sm:col-span-2\">\n<span class=\"wpcf7-form-control-wrap\" data-name=\"GDPR\"><span class=\"wpcf7-form-control wpcf7-checkbox wpcf7-validates-as-required\"><span class=\"wpcf7-list-item first last\"><label><input type=\"checkbox\" name=\"GDPR[]\" value=\"Sunt de acord cu prelucrarea datelor mele personale in conformitate cu politica de confidentialitate.\" \/><span class=\"wpcf7-list-item-label\">Sunt de acord cu prelucrarea datelor mele personale in conformitate cu politica de confidentialitate.<\/span><\/label><\/span><\/span><\/span>\n<\/div>\n<div class=\"sm:col-span-2\">\n    <input class=\"wpcf7-form-control wpcf7-submit has-spinner\" type=\"submit\" value=\"Trimite \u2192\" \/>\n<\/div>\n<\/div><div class=\"wpcf7-response-output\" aria-hidden=\"true\"><\/div>\n<\/form>\n<\/div>\n                    <\/div>\r\n\r\n                                            <script>\r\n                            \/\/redirect after contact form 7 submit\r\n                            document.addEventListener('wpcf7mailsent', function(event) {\r\n                                location = '\/ro\/thank-you-contact\/';\r\n                            }, false);\r\n                        <\/script>\r\n                                    <\/div>\r\n            <\/div>\r\n        <\/div>\r\n    <\/div>\r\n<\/div>\r\n<style>\r\n    .custom_bg_one {\r\n        background: linear-gradient(89.16deg, #A28286 0.62%, #CFAFB3 99.28%);\r\n    }\r\n\r\n    .custom_bg_two {\r\n        background: none;\r\n    }\r\n\r\n    @media screen and (max-width: 900px) {\r\n        .custom_bg_one {\r\n            background: none;\r\n        }\r\n\r\n        .custom_bg_two {\r\n            background: linear-gradient(89.16deg, #A28286 0.62%, #CFAFB3 99.28%);\r\n        }\r\n    }\r\n<\/style>","protected":false},"excerpt":{"rendered":"","protected":false},"author":2,"featured_media":0,"parent":0,"menu_order":0,"comment_status":"closed","ping_status":"closed","template":"template-page.php","meta":{"_editorskit_title_hidden":false,"_editorskit_reading_time":0,"_editorskit_is_block_options_detached":false,"_editorskit_block_options_position":"{}","inline_featured_image":false,"footnotes":""},"class_list":["post-200","page","type-page","status-publish","hentry"],"acf":[],"_links":{"self":[{"href":"https:\/\/www.talentspotter.ro\/ro\/wp-json\/wp\/v2\/pages\/200","targetHints":{"allow":["GET"]}}],"collection":[{"href":"https:\/\/www.talentspotter.ro\/ro\/wp-json\/wp\/v2\/pages"}],"about":[{"href":"https:\/\/www.talentspotter.ro\/ro\/wp-json\/wp\/v2\/types\/page"}],"author":[{"embeddable":true,"href":"https:\/\/www.talentspotter.ro\/ro\/wp-json\/wp\/v2\/users\/2"}],"replies":[{"embeddable":true,"href":"https:\/\/www.talentspotter.ro\/ro\/wp-json\/wp\/v2\/comments?post=200"}],"version-history":[{"count":47,"href":"https:\/\/www.talentspotter.ro\/ro\/wp-json\/wp\/v2\/pages\/200\/revisions"}],"predecessor-version":[{"id":779,"href":"https:\/\/www.talentspotter.ro\/ro\/wp-json\/wp\/v2\/pages\/200\/revisions\/779"}],"wp:attachment":[{"href":"https:\/\/www.talentspotter.ro\/ro\/wp-json\/wp\/v2\/media?parent=200"}],"curies":[{"name":"wp","href":"https:\/\/api.w.org\/{rel}","templated":true}]}}