{"id":212,"date":"2023-02-13T09:08:07","date_gmt":"2023-02-13T09:08:07","guid":{"rendered":"https:\/\/www.talentspotter.ro\/?page_id=212"},"modified":"2023-05-11T16:00:37","modified_gmt":"2023-05-11T16:00:37","slug":"services","status":"publish","type":"page","link":"https:\/\/www.talentspotter.ro\/ro\/services\/","title":{"rendered":"Services"},"content":{"rendered":"<div class=\"standard-section 4xl:rounded-b-[20px] mt-[80px] hero\" style=\" \">\r\n    <div class=\" pb-[24px] sm:pb-[32px]  sm:pt-[81px] pt-[44px]  sm:px-[70px] \">\r\n        <div class=\"grid tabmode:grid-cols-2 gap-3 tabmode:gap-[110px] mb-8\">\r\n            <div class=\"grid gap-[30px] h-fit content-hero\">\r\n\r\n                                                    <h1 class=\" text-headlines  mb-0   max-w-lg  \">Serviciile noastre<\/h1>\r\n                \r\n                                                    <div class=\" text-body_text  max-w-lg\">\r\n                        <h2>La baza unei afaceri de succes stau oamenii care g\u0103sesc sens \u0219i bucurie \u00een activitatea lor profesional\u0103.<\/h2>\n<p>&nbsp;<\/p>\n<p>Te ajut\u0103m s\u0103 g\u0103se\u0219ti oamenii potrivi\u021bi pentru echipa ta, printr-o abordare personalizat\u0103. Iat\u0103 cum putem face asta, \u00een func\u021bie de nevoile tale:<\/p>\n                    <\/div>\r\n                \r\n                                \r\n                \r\n            <\/div>\r\n            <div class=\"relative\">\r\n                                        <svg class=\"absolute w-[15%] sm:w-auto z-20 sm:z-0   -bottom-8 left-12  tabmode:-top-8 tabmode:-left-20 \" width=\"76\" height=\"67\" viewBox=\"0 0 76 67\" fill=\"none\" xmlns=\"http:\/\/www.w3.org\/2000\/svg\">\r\n                            <circle cx=\"4.14446\" cy=\"4.11272\" r=\"3.62249\" fill=\"#D9C3C4\" \/>\r\n                            <circle cx=\"4.14446\" cy=\"18.6977\" r=\"3.62249\" fill=\"#D9C3C4\" \/>\r\n                            <circle cx=\"4.14446\" cy=\"33.2817\" r=\"3.62249\" fill=\"#D9C3C4\" \/>\r\n                            <circle cx=\"4.14446\" cy=\"47.8668\" r=\"3.62249\" fill=\"#D9C3C4\" \/>\r\n                            <circle cx=\"4.14446\" cy=\"62.4517\" r=\"3.62249\" fill=\"#D9C3C4\" \/>\r\n                            <circle cx=\"21.1972\" cy=\"4.11263\" r=\"3.62249\" fill=\"#D9C3C4\" \/>\r\n                            <circle cx=\"21.1977\" cy=\"18.6977\" r=\"3.62249\" fill=\"#D9C3C4\" \/>\r\n                            <circle cx=\"21.1977\" cy=\"33.2817\" r=\"3.62249\" fill=\"#D9C3C4\" \/>\r\n                            <circle cx=\"21.1972\" cy=\"47.8668\" r=\"3.62249\" fill=\"#D9C3C4\" \/>\r\n                            <circle cx=\"21.1972\" cy=\"62.4517\" r=\"3.62249\" fill=\"#D9C3C4\" \/>\r\n                            <circle cx=\"38.2499\" cy=\"4.11263\" r=\"3.62249\" fill=\"#D9C3C4\" \/>\r\n                            <circle cx=\"55.3027\" cy=\"4.11263\" r=\"3.62249\" fill=\"#D9C3C4\" \/>\r\n                            <circle cx=\"55.3022\" cy=\"18.6977\" r=\"3.62249\" fill=\"#D9C3C4\" \/>\r\n                            <circle cx=\"55.3022\" cy=\"33.2817\" r=\"3.62249\" fill=\"#D9C3C4\" \/>\r\n                            <circle cx=\"55.3027\" cy=\"47.8668\" r=\"3.62249\" fill=\"#D9C3C4\" \/>\r\n                            <circle cx=\"55.3027\" cy=\"62.4515\" r=\"3.62249\" fill=\"#D9C3C4\" \/>\r\n                            <circle cx=\"72.3554\" cy=\"4.11263\" r=\"3.62249\" fill=\"#D9C3C4\" \/>\r\n                            <circle cx=\"72.3549\" cy=\"18.6977\" r=\"3.62249\" fill=\"#D9C3C4\" \/>\r\n                            <circle cx=\"72.3549\" cy=\"33.2817\" r=\"3.62249\" fill=\"#D9C3C4\" \/>\r\n                            <circle cx=\"72.3554\" cy=\"47.8668\" r=\"3.62249\" fill=\"#D9C3C4\" \/>\r\n                            <circle cx=\"72.3554\" cy=\"62.4515\" r=\"3.62249\" fill=\"#D9C3C4\" \/>\r\n                            <circle cx=\"38.2499\" cy=\"18.6977\" r=\"3.62249\" fill=\"#D9C3C4\" \/>\r\n                            <circle cx=\"38.2499\" cy=\"33.2817\" r=\"3.62249\" fill=\"#D9C3C4\" \/>\r\n                            <circle cx=\"38.2499\" cy=\"47.8668\" r=\"3.62249\" fill=\"#D9C3C4\" \/>\r\n                            <circle cx=\"38.2499\" cy=\"62.4517\" r=\"3.62249\" fill=\"#D9C3C4\" \/>\r\n                        <\/svg>\r\n                                        <div class=\"relative w-full\" style=\"padding-top: 65%;\">\r\n\r\n                        <img loading=\"lazy\" decoding=\"async\" class=\"rounded-[10px] absolute top-0 left-0 w-full h-full  object-contain   \" width=\"642\" height=\"494\" src=\"https:\/\/www.talentspotter.ro\/wp-content\/uploads\/2023\/02\/Group-33815-1-1.png\" alt=\"Serviciile noastre\">\r\n                    <\/div>\r\n                            <\/div>\r\n        <\/div>\r\n            <\/div>\r\n<\/div>\n\n<div>\r\n    <div class=\"mt-[16px] xl:mt-[100px] sm:mb-[64px] \">\r\n        <div class=\"sm:px-[70px]\">\r\n            <div class=\"standard-section relative\">\r\n                <div class=\"relative mb-[45px] xl:mb-0 xl:absolute xl:transform xl:-translate-y-32 xl:left-32\">\r\n                    <svg class=\"mx-auto xl:mx-0\" width=\"39\" height=\"47\" viewBox=\"0 0 39 47\" fill=\"none\" xmlns=\"http:\/\/www.w3.org\/2000\/svg\">\r\n                        <path d=\"M30.8655 46.0599C31.0619 46.4246 31.5167 46.561 31.8815 46.3646L37.8246 43.1645C38.1894 42.9681 38.3258 42.5133 38.1294 42.1486C37.9331 41.7839 37.4782 41.6474 37.1135 41.8438L31.8307 44.6884L28.9861 39.4055C28.7897 39.0408 28.3349 38.9044 27.9702 39.1007C27.6055 39.2971 27.469 39.752 27.6654 40.1167L30.8655 46.0599ZM0.882165 1.6105C7.77378 2.70688 17.5282 6.23418 24.4102 13.2017C31.2421 20.1185 35.3087 30.485 30.8075 45.4888L32.2442 45.9198C36.9009 30.398 32.7001 19.4601 25.4774 12.1476C18.3047 4.88573 8.21728 1.25858 1.11784 0.129127L0.882165 1.6105Z\" fill=\"#263238\" \/>\r\n                    <\/svg>\r\n                <\/div>\r\n                                    <div class=\"flex  justify-center items-start gap-y-5 sm:gap-y-28  flex-wrap\">\r\n                                                    <div class=\"grid justify-center md:w-1\/2 xl:w-1\/3 px-5\">\r\n                                                                    <div class=\"mb-[30px] mx-auto\">\r\n                                        <img decoding=\"async\" class=\"rounded-[10px]\" src=\"https:\/\/www.talentspotter.ro\/wp-content\/uploads\/2023\/02\/image-18.png\" width=\"401\" height=\"301\" loading=\"lazy\" alt=\"Permanent Staff &amp; Contractors Recruitment\">\r\n                                    <\/div>\r\n                                                                <div class=\"grid gap-4\">\r\n                                    <h4 class=\"text-[#263238] mb-0 text-center\">Permanent Staff &amp; Contractors Recruitment<\/h4>                                    <p class=\"text-[#54575E] text-center\">\u00ce\u021bi vom spune care este secretul nostru: rela\u021biile pe termen lung, menite s\u0103 dureze. A\u0219a cum nu exist\u0103 doi candida\u021bi identici, nici metodele noastre de prospectare nu vor fi acelea\u0219i, ci vor fi personalizate, \u00een func\u021bie de nevoile businessului t\u0103u.<\/p>                                <\/div>\r\n                            <\/div>\r\n                                                    <div class=\"grid justify-center md:w-1\/2 xl:w-1\/3 px-5\">\r\n                                                                    <div class=\"mb-[30px] mx-auto\">\r\n                                        <img decoding=\"async\" class=\"rounded-[10px]\" src=\"https:\/\/www.talentspotter.ro\/wp-content\/uploads\/2023\/02\/image-18-1.png\" width=\"400\" height=\"301\" loading=\"lazy\" alt=\"Interim &amp; Contract (Outsourcing)\">\r\n                                    <\/div>\r\n                                                                <div class=\"grid gap-4\">\r\n                                    <h4 class=\"text-[#263238] mb-0 text-center\">Interim &amp; Contract (Outsourcing)<\/h4>                                    <p class=\"text-[#54575E] text-center\">\u0218tim c\u0103 la baza atingerii obiectivelor tale strategice st\u0103 posibilitatea rapid\u0103 de scalare. Punem um\u0103rul la g\u0103sirea acelor profesioni\u0219ti care s\u0103 \u00eendeplineasc\u0103 criteriile setate de tine \u0219i \u00een acela\u0219i timp prelu\u0103m toate opera\u021biunile legate de externalizare. Ne ocup\u0103m de recrutare, pontaj, facturare, gestiunea contractelor \u0219i a\u0219a mai departe.<\/p>                                <\/div>\r\n                            <\/div>\r\n                                                    <div class=\"grid justify-center md:w-1\/2 xl:w-1\/3 px-5\">\r\n                                                                    <div class=\"mb-[30px] mx-auto\">\r\n                                        <img decoding=\"async\" class=\"rounded-[10px]\" src=\"https:\/\/www.talentspotter.ro\/wp-content\/uploads\/2023\/02\/image-18-2.png\" width=\"401\" height=\"301\" loading=\"lazy\" alt=\"Executive Search\">\r\n                                    <\/div>\r\n                                                                <div class=\"grid gap-4\">\r\n                                    <h4 class=\"text-[#263238] mb-0 text-center\">Executive Search<\/h4>                                    <p class=\"text-[#54575E] text-center\">Putem func\u021biona ca \u0219i departament extern al afacerii tale, ocupandu-ne exclusiv de identificarea poten\u021bialilor candida\u021bi care s\u0103 se al\u0103ture echipei de manageri seniori. Oferim aceste servicii deoarece profesioni\u0219tii de top vor fi rareori \u00een c\u0103utarea unor locuri de munc\u0103 \u0219i astfel trebuie \u201edescoperi\u021bi\u201d.<\/p>                                <\/div>\r\n                            <\/div>\r\n                                                    <div class=\"grid justify-center md:w-1\/2 xl:w-1\/3 px-5\">\r\n                                                                    <div class=\"mb-[30px] mx-auto\">\r\n                                        <img decoding=\"async\" class=\"rounded-[10px]\" src=\"https:\/\/www.talentspotter.ro\/wp-content\/uploads\/2023\/02\/image-18-3.png\" width=\"401\" height=\"301\" loading=\"lazy\" alt=\"Recruitment Process Outsourcing (RPO)\">\r\n                                    <\/div>\r\n                                                                <div class=\"grid gap-4\">\r\n                                    <h4 class=\"text-[#263238] mb-0 text-center\">Recruitment Process Outsourcing (RPO)<\/h4>                                    <p class=\"text-[#54575E] text-center\">Ne vom ocupa singuri de toate procesele de recrutare din compania ta sau putem ac\u021biona \u00een tandem cu departamentele tale interne. Experien\u021ba noastr\u0103 vast\u0103 ne permite s\u0103 gestion\u0103m \u00eentregul proces de recrutare sau s\u0103 ne concentr\u0103m asupra momentelor-cheie, precum etapa de preselec\u021bie, verificare \u0219i intervievare.<\/p>                                <\/div>\r\n                            <\/div>\r\n                                                    <div class=\"grid justify-center md:w-1\/2 xl:w-1\/3 px-5\">\r\n                                                                    <div class=\"mb-[30px] mx-auto\">\r\n                                        <img decoding=\"async\" class=\"rounded-[10px]\" src=\"https:\/\/www.talentspotter.ro\/wp-content\/uploads\/2023\/02\/image-18-4-1.png\" width=\"401\" height=\"301\" loading=\"lazy\" alt=\"Recruitment as a Service (RaaS)\">\r\n                                    <\/div>\r\n                                                                <div class=\"grid gap-4\">\r\n                                    <h4 class=\"text-[#263238] mb-0 text-center\">Recruitment as a Service (RaaS)<\/h4>                                    <p class=\"text-[#54575E] text-center\">O alternativ\u0103 convenabil\u0103 la clasicele servicii de recrutare, acest serviciu are drept avantaj facturarea doar pentru orele muncite efectiv. Astfel, \u00een calitate de client, nu vei fi facturat cu un pre\u021b standard, sau cu un comision din salariul candidatului care se al\u0103tur\u0103 afacerii tale. Pe scurt, calitatea serviciilor r\u0103m\u00e2ne aceea\u0219i, iar tu pl\u0103te\u0219ti un cost fix lunar.<\/p>                                <\/div>\r\n                            <\/div>\r\n                                            <\/div>\r\n                            <\/div>\r\n        <\/div>\r\n    <\/div>\r\n<\/div>\n\n<div>\r\n    <div class=\"mt-[16px] mb-[32px] xl:mt-[100px] sm:mb-[64px] \">\r\n        <div class=\"sm:px-[70px]\">\r\n            <div class=\"standard-section relative rounded-[20px] custom_bg_one\">\r\n                <div class=\"grid py-[85px] rounded-[20px] justify-center gap-5 custom_bg_two\">\r\n                                                                <h2 class=\"text-white text-center mb-0\">\r\n                            Hai s\u0103 ne cunoastem!                        <\/h2>\r\n                                                                <div class=\"\">\r\n                            <a href=\"\/ro\/contact\" class=\"buton_primary w-fit mx-auto\">\r\n                                Contacteaz\u0103-ne                            <\/a>\r\n                        <\/div>\r\n                                    <\/div>\r\n            <\/div>\r\n        <\/div>\r\n    <\/div>\r\n<\/div>\r\n<style>\r\n    .custom_bg_one {\r\n        background: linear-gradient(89.16deg, #A28286 0.62%, #CFAFB3 99.28%);\r\n    }\r\n\r\n    .custom_bg_two {\r\n        background: none;\r\n    }\r\n\r\n    @media screen and (max-width: 900px) {\r\n        .custom_bg_one {\r\n            background: none;\r\n        }\r\n\r\n        .custom_bg_two {\r\n            background: linear-gradient(89.16deg, #A28286 0.62%, #CFAFB3 99.28%);\r\n        }\r\n    }\r\n<\/style>","protected":false},"excerpt":{"rendered":"","protected":false},"author":2,"featured_media":0,"parent":0,"menu_order":0,"comment_status":"closed","ping_status":"closed","template":"template-page.php","meta":{"_editorskit_title_hidden":false,"_editorskit_reading_time":0,"_editorskit_is_block_options_detached":false,"_editorskit_block_options_position":"{}","inline_featured_image":false,"footnotes":""},"class_list":["post-212","page","type-page","status-publish","hentry"],"acf":[],"_links":{"self":[{"href":"https:\/\/www.talentspotter.ro\/ro\/wp-json\/wp\/v2\/pages\/212","targetHints":{"allow":["GET"]}}],"collection":[{"href":"https:\/\/www.talentspotter.ro\/ro\/wp-json\/wp\/v2\/pages"}],"about":[{"href":"https:\/\/www.talentspotter.ro\/ro\/wp-json\/wp\/v2\/types\/page"}],"author":[{"embeddable":true,"href":"https:\/\/www.talentspotter.ro\/ro\/wp-json\/wp\/v2\/users\/2"}],"replies":[{"embeddable":true,"href":"https:\/\/www.talentspotter.ro\/ro\/wp-json\/wp\/v2\/comments?post=212"}],"version-history":[{"count":45,"href":"https:\/\/www.talentspotter.ro\/ro\/wp-json\/wp\/v2\/pages\/212\/revisions"}],"predecessor-version":[{"id":810,"href":"https:\/\/www.talentspotter.ro\/ro\/wp-json\/wp\/v2\/pages\/212\/revisions\/810"}],"wp:attachment":[{"href":"https:\/\/www.talentspotter.ro\/ro\/wp-json\/wp\/v2\/media?parent=212"}],"curies":[{"name":"wp","href":"https:\/\/api.w.org\/{rel}","templated":true}]}}