{"id":279,"date":"2023-02-13T14:44:47","date_gmt":"2023-02-13T14:44:47","guid":{"rendered":"https:\/\/www.talentspotter.ro\/?page_id=279"},"modified":"2023-05-16T14:22:16","modified_gmt":"2023-05-16T14:22:16","slug":"thank-you-contact","status":"publish","type":"page","link":"https:\/\/www.talentspotter.ro\/ro\/thank-you-contact\/","title":{"rendered":"Thank you contact"},"content":{"rendered":"<div class=\"mt-[16px] xl:mt-[100px] sm:mb-[64px] h-[55vh] sm:h-[70vh]\">\r\n    <div class=\"sm:px-[70px] h-full\">\r\n        <div class=\"standard-section relative rounded-[20px] h-full\">\r\n            <div class=\"flex flex-col sm:flex-row max-w-[1100px] mx-auto pt-[85px] sm:py-[85px] rounded-[20px] justify-center gap-5 items-center h-full\">\r\n                                <div class=\"grid gap-[25px]\">\r\n                                            <h1 class=\"text-[#263238] text-center  mb-0\">\r\n                            Mul\u021bumim pentru mesaj.                        <\/h1>\r\n                    \r\n                                            <p class=\"text-center text-[#54575E]\">\r\n                            Vom reveni c\u0103tre tine c\u0103t mai cur\u00e2nd posibil.                        <\/p>\r\n                    \r\n                                            <div class=\"\">\r\n                            <a href=\"\/ro\/\" class=\"buton_primary w-fit mx-auto \">\r\n                                Acas\u0103 \u2192                            <\/a>\r\n                        <\/div>\r\n                                    <\/div>\r\n            <\/div>\r\n        <\/div>\r\n    <\/div>\r\n<\/div>","protected":false},"excerpt":{"rendered":"","protected":false},"author":2,"featured_media":0,"parent":0,"menu_order":0,"comment_status":"closed","ping_status":"closed","template":"template-page.php","meta":{"_editorskit_title_hidden":false,"_editorskit_reading_time":0,"_editorskit_is_block_options_detached":false,"_editorskit_block_options_position":"{}","inline_featured_image":false,"footnotes":""},"class_list":["post-279","page","type-page","status-publish","hentry"],"acf":[],"_links":{"self":[{"href":"https:\/\/www.talentspotter.ro\/ro\/wp-json\/wp\/v2\/pages\/279","targetHints":{"allow":["GET"]}}],"collection":[{"href":"https:\/\/www.talentspotter.ro\/ro\/wp-json\/wp\/v2\/pages"}],"about":[{"href":"https:\/\/www.talentspotter.ro\/ro\/wp-json\/wp\/v2\/types\/page"}],"author":[{"embeddable":true,"href":"https:\/\/www.talentspotter.ro\/ro\/wp-json\/wp\/v2\/users\/2"}],"replies":[{"embeddable":true,"href":"https:\/\/www.talentspotter.ro\/ro\/wp-json\/wp\/v2\/comments?post=279"}],"version-history":[{"count":4,"href":"https:\/\/www.talentspotter.ro\/ro\/wp-json\/wp\/v2\/pages\/279\/revisions"}],"predecessor-version":[{"id":858,"href":"https:\/\/www.talentspotter.ro\/ro\/wp-json\/wp\/v2\/pages\/279\/revisions\/858"}],"wp:attachment":[{"href":"https:\/\/www.talentspotter.ro\/ro\/wp-json\/wp\/v2\/media?parent=279"}],"curies":[{"name":"wp","href":"https:\/\/api.w.org\/{rel}","templated":true}]}}