{"id":33,"date":"2023-01-26T15:56:01","date_gmt":"2023-01-26T15:56:01","guid":{"rendered":"https:\/\/www.talentspotter.ro\/?page_id=33"},"modified":"2025-03-10T21:25:12","modified_gmt":"2025-03-10T19:25:12","slug":"about-us","status":"publish","type":"page","link":"https:\/\/www.talentspotter.ro\/ro\/about-us\/","title":{"rendered":"About Us"},"content":{"rendered":"<div class=\"standard-section 4xl:rounded-b-[20px] mt-[80px] hero\" style=\" \">\r\n    <div class=\"  pb-[32px] sm:pb-[81px]  sm:pt-[81px] pt-[44px]  sm:px-[70px] \">\r\n        <div class=\"grid tabmode:grid-cols-2 gap-3 tabmode:gap-[110px] mb-8\">\r\n            <div class=\"grid gap-[30px] h-fit content-hero\">\r\n\r\n                                                    <h1 class=\" text-headlines  mb-0   max-w-xl  \">Despre noi<\/h1>\r\n                \r\n                                                    <div class=\" text-body_text  max-w-lg\">\r\n                        <h2><span style=\"color: #a28286;\">Ajut\u0103m companiile s\u0103 se conecteze cu oamenii potrivi\u021bi pentru echipele lor.<\/span><\/h2>\n<p>\u00cenc\u0103 de la \u00eenceput, am fost motiva\u021bi de dorin\u021ba de a crea <em><strong>parteneriate de durat\u0103<\/strong><\/em>, bazate <em><strong>pe<\/strong> <strong>\u00eencredere \u0219i colaborare<\/strong>.<\/em><\/p>\n<p>&nbsp;<\/p>\n<p style=\"font-weight: 400;\">Suntem aici pentru a-\u021bi oferi un parteneriat autentic \u00een care vei avea \u00eencredere s\u0103 ne contactezi, fie pentru c\u0103 ai un proiect de mare anvergura sau pentru c\u0103 ai nevoie sa g\u0103se\u0219ti, \u00een doar c\u00e2teva zile, omul potrivit pentru echipa ta.<\/p>\n<p>&nbsp;<\/p>\n<p style=\"font-weight: 400;\">Cu o experien\u021b\u0103 combinat\u0103 de peste 30 de ani, suntem specializa\u021bi \u00een a facilita potrivirea \u00eentre oameni extrem de talenta\u021bi \u0219i afaceri de succes. Activ\u0103m \u00een toate industriile, colabor\u00e2nd cu angajatori de la start-up-uri \u0219i \u00eentreprinderi mici \u0219i mijlocii, care creeaz\u0103 produse tehnologice inovatoare, p\u00e2n\u0103 la companii multina\u021bionale.<\/p>\n<p>&nbsp;<\/p>\n<p>Un astfel de parteneriat vrem s\u0103 construim \u0219i cu tine: unul \u00een care s\u0103 te sim\u021bi confortabil s\u0103 ne contactezi, fie c\u0103 te ocupi de un proiect de mare anvergur\u0103 sau c\u0103 ai nevoie s\u0103 g\u0103se\u0219ti, \u00een doar c\u00e2teva zile, omul potrivit pentru echipa ta.<\/p>\n                    <\/div>\r\n                \r\n                                \r\n                \r\n            <\/div>\r\n            <div class=\"relative\">\r\n                                        <svg class=\"absolute w-[15%] sm:w-auto z-20 sm:z-0   -bottom-8 left-12  tabmode:-top-8 tabmode:-left-8 \" width=\"76\" height=\"67\" viewBox=\"0 0 76 67\" fill=\"none\" xmlns=\"http:\/\/www.w3.org\/2000\/svg\">\r\n                            <circle cx=\"4.14446\" cy=\"4.11272\" r=\"3.62249\" fill=\"#D9C3C4\" \/>\r\n                            <circle cx=\"4.14446\" cy=\"18.6977\" r=\"3.62249\" fill=\"#D9C3C4\" \/>\r\n                            <circle cx=\"4.14446\" cy=\"33.2817\" r=\"3.62249\" fill=\"#D9C3C4\" \/>\r\n                            <circle cx=\"4.14446\" cy=\"47.8668\" r=\"3.62249\" fill=\"#D9C3C4\" \/>\r\n                            <circle cx=\"4.14446\" cy=\"62.4517\" r=\"3.62249\" fill=\"#D9C3C4\" \/>\r\n                            <circle cx=\"21.1972\" cy=\"4.11263\" r=\"3.62249\" fill=\"#D9C3C4\" \/>\r\n                            <circle cx=\"21.1977\" cy=\"18.6977\" r=\"3.62249\" fill=\"#D9C3C4\" \/>\r\n                            <circle cx=\"21.1977\" cy=\"33.2817\" r=\"3.62249\" fill=\"#D9C3C4\" \/>\r\n                            <circle cx=\"21.1972\" cy=\"47.8668\" r=\"3.62249\" fill=\"#D9C3C4\" \/>\r\n                            <circle cx=\"21.1972\" cy=\"62.4517\" r=\"3.62249\" fill=\"#D9C3C4\" \/>\r\n                            <circle cx=\"38.2499\" cy=\"4.11263\" r=\"3.62249\" fill=\"#D9C3C4\" \/>\r\n                            <circle cx=\"55.3027\" cy=\"4.11263\" r=\"3.62249\" fill=\"#D9C3C4\" \/>\r\n                            <circle cx=\"55.3022\" cy=\"18.6977\" r=\"3.62249\" fill=\"#D9C3C4\" \/>\r\n                            <circle cx=\"55.3022\" cy=\"33.2817\" r=\"3.62249\" fill=\"#D9C3C4\" \/>\r\n                            <circle cx=\"55.3027\" cy=\"47.8668\" r=\"3.62249\" fill=\"#D9C3C4\" \/>\r\n                            <circle cx=\"55.3027\" cy=\"62.4515\" r=\"3.62249\" fill=\"#D9C3C4\" \/>\r\n                            <circle cx=\"72.3554\" cy=\"4.11263\" r=\"3.62249\" fill=\"#D9C3C4\" \/>\r\n                            <circle cx=\"72.3549\" cy=\"18.6977\" r=\"3.62249\" fill=\"#D9C3C4\" \/>\r\n                            <circle cx=\"72.3549\" cy=\"33.2817\" r=\"3.62249\" fill=\"#D9C3C4\" \/>\r\n                            <circle cx=\"72.3554\" cy=\"47.8668\" r=\"3.62249\" fill=\"#D9C3C4\" \/>\r\n                            <circle cx=\"72.3554\" cy=\"62.4515\" r=\"3.62249\" fill=\"#D9C3C4\" \/>\r\n                            <circle cx=\"38.2499\" cy=\"18.6977\" r=\"3.62249\" fill=\"#D9C3C4\" \/>\r\n                            <circle cx=\"38.2499\" cy=\"33.2817\" r=\"3.62249\" fill=\"#D9C3C4\" \/>\r\n                            <circle cx=\"38.2499\" cy=\"47.8668\" r=\"3.62249\" fill=\"#D9C3C4\" \/>\r\n                            <circle cx=\"38.2499\" cy=\"62.4517\" r=\"3.62249\" fill=\"#D9C3C4\" \/>\r\n                        <\/svg>\r\n                                        <div class=\"relative w-full\" style=\"padding-top: 65%;\">\r\n\r\n                        <img loading=\"lazy\" decoding=\"async\" class=\"rounded-[10px] absolute top-0 left-0 w-full h-full  object-cover   \" width=\"640\" height=\"423\" src=\"https:\/\/www.talentspotter.ro\/wp-content\/uploads\/2023\/01\/Rectangle-1822.png\" alt=\"Despre noi\">\r\n                    <\/div>\r\n                            <\/div>\r\n        <\/div>\r\n            <\/div>\r\n<\/div>\n\n<div class=\"\">\r\n    <div class=\" mt-[46px]  mb-[46px]\">\r\n        <div class=\"standard-section\">\r\n            <h2 class=\"mb-12 text-center\">Principiile care ne ghideaza.<\/h2>            <div class=\"sm:px-[70px]\">\r\n                <div class=\"grid grid-cols-1  sm:grid-cols-1 xl:grid-cols-3 gap-[20px] justify-center\">\r\n                                                <div class=\"rounded-[20px] single_column flex flex-col items-center  gap-[20px] sm:gap-[25px] py-[52px] px-[20px] sm:px-[40px] sm:py-[72px] w-full\">\r\n                                                                                                            <img decoding=\"async\" src=\"https:\/\/www.talentspotter.ro\/wp-content\/uploads\/2023\/02\/Vision.svg\" width=\"81\" height=\"61\" loading=\"lazy\" alt=\"icon\">\r\n                                                                    \r\n                                                                    <h3 class=\"text-center\">Viziunea<\/h3>\r\n                                                                                                    <p class=\"text-center\">Credem cu t\u0103rie c\u0103 oamenii potrivi\u021bi, la locul potrivit, construiesc \u00eempreun\u0103 cea mai bun\u0103 versiune a viitorului.<\/p>\r\n                                                            <\/div>\r\n                                                <div class=\"rounded-[20px] single_column flex flex-col items-center  gap-[20px] sm:gap-[25px] py-[52px] px-[20px] sm:px-[40px] sm:py-[72px] w-full\">\r\n                                                                                                            <img decoding=\"async\" src=\"https:\/\/www.talentspotter.ro\/wp-content\/uploads\/2023\/02\/Mission.svg\" width=\"81\" height=\"61\" loading=\"lazy\" alt=\"icon\">\r\n                                                                    \r\n                                                                    <h3 class=\"text-center\">Misiunea noastr\u0103<\/h3>\r\n                                                                                                    <p class=\"text-center\">Suntem aici s\u0103 conect\u0103m companiile cu oamenii care au skill-urile \u0219i experien\u021ba adaptate nevoilor lor.<\/p>\r\n                                                            <\/div>\r\n                                                <div class=\"rounded-[20px] single_column flex flex-col items-center  gap-[20px] sm:gap-[25px] py-[52px] px-[20px] sm:px-[40px] sm:py-[72px] w-full\">\r\n                                                                                                            <img decoding=\"async\" src=\"https:\/\/www.talentspotter.ro\/wp-content\/uploads\/2023\/02\/Values.svg\" width=\"81\" height=\"61\" loading=\"lazy\" alt=\"icon\">\r\n                                                                    \r\n                                                                    <h3 class=\"text-center\">Valorile<\/h3>\r\n                                                                                                    <p class=\"text-center\">Excelen\u021ba, flexibilitatea, \u00eencrederea, sus\u021binerea, dedicarea, integritatea \u0219i transparen\u021ba ne ghideaz\u0103 \u00een toate activit\u0103\u021bile \u0219i parteneriatele noastre.<\/p>\r\n                                                            <\/div>\r\n                                    <\/div>\r\n            <\/div>\r\n        <\/div>\r\n    <\/div>\r\n<\/div>\r\n<style>\r\n    .single_column {\r\n        background: #ffefe9;\r\n        border: 1px solid #ffefe9;\r\n    }\r\n<\/style>\n\n<div>\n    <div class=\"mt-[80px] mb-[80px] sm:mt-[144px] sm:mb-[144px]\">\n        <div class=\"sm:px-[70px]\">\n            <div class=\"standard-section\">\n                <div class=\"flex xl:flex-row flex-col items-start gap-[10px]\">\n                    <div class=\" w-full xl:w-3\/12 mb-20 xl:mb-0\">\n                        <h2 class=\"text-center w-full xl:mt-[160px] sm:pt-[20px] team_title relative\">\n                            Echipa                        <\/h2>\n                    <\/div>\n                    <div class=\"grid grid-cols-1 sm:grid-cols-2 xl:grid-cols-3 mx-auto  xl:w-[75%] gap-6\">\n                                                        <div class=\"grid gap-5\">\n                                                                            <div class=\"max-w-[250px] sm:max-w-[350px] xl:max-w-none mx-auto w-full\">\n                                            <img decoding=\"async\" src=\"https:\/\/www.talentspotter.ro\/wp-content\/uploads\/2023\/02\/3DX_0264m-web-modified-2.png\" loading=\"lazy\" width=\"1278\" height=\"1278\" alt=\"Alina\" class=\"w-full h-full object-cover rounded-[10px]\">\n                                        <\/div>\n                                                                        <div class=\"grid gap-2\">\n                                        <h4 class=\"text-center mb-0 text-[#263238] \">Alina<\/h4>\n\n                                                                                    <h6 class=\"text-center text-[#858585] mb-0\">Fondator @Talent Spotter<\/h6>\n                                        \n                                                                                    <a href=\"https:\/\/www.linkedin.com\/in\/alinadaniliuc\/\" class=\"text-center flex items-center justify-center text-[#858585]\"><svg width=\"41\" height=\"41\" viewBox=\"0 0 41 41\" fill=\"none\" xmlns=\"http:\/\/www.w3.org\/2000\/svg\">\n                                                    <rect x=\"7.51123\" y=\"8.18726\" width=\"27.1014\" height=\"25.763\" fill=\"white\" \/>\n                                                    <path d=\"M33.7113 3.50134H8.11133C5.90333 3.50134 4.11133 5.29334 4.11133 7.50134V33.1013C4.11133 35.3093 5.90333 37.1013 8.11133 37.1013H33.7113C35.9193 37.1013 37.7113 35.3093 37.7113 33.1013V7.50134C37.7113 5.29334 35.9193 3.50134 33.7113 3.50134ZM14.5113 16.3013V31.5013H9.71133V16.3013H14.5113ZM9.71133 11.8773C9.71133 10.7573 10.6713 9.90134 12.1113 9.90134C13.5513 9.90134 14.4553 10.7573 14.5113 11.8773C14.5113 12.9973 13.6153 13.9013 12.1113 13.9013C10.6713 13.9013 9.71133 12.9973 9.71133 11.8773ZM32.1113 31.5013H27.3113C27.3113 31.5013 27.3113 24.0933 27.3113 23.5013C27.3113 21.9013 26.5113 20.3013 24.5113 20.2693H24.4473C22.5113 20.2693 21.7113 21.9173 21.7113 23.5013C21.7113 24.2293 21.7113 31.5013 21.7113 31.5013H16.9113V16.3013H21.7113V18.3493C21.7113 18.3493 23.2553 16.3013 26.3593 16.3013C29.5353 16.3013 32.1113 18.4853 32.1113 22.9093V31.5013Z\" fill=\"#0072B1\" \/>\n                                                <\/svg>\n                                            <\/a>\n                                        \n                                        \n                                    <\/div>\n                                <\/div>\n                                                        <div class=\"grid gap-5\">\n                                                                        <div class=\"grid gap-2\">\n                                        <h4 class=\"text-center mb-0 text-[#263238] \">About Us<\/h4>\n\n                                        \n                                        \n                                        \n                                    <\/div>\n                                <\/div>\n                                                        <div class=\"grid gap-5\">\n                                                                            <div class=\"max-w-[250px] sm:max-w-[350px] xl:max-w-none mx-auto w-full\">\n                                            <img decoding=\"async\" src=\"https:\/\/www.talentspotter.ro\/wp-content\/uploads\/2023\/02\/Andrei-modified.png\" loading=\"lazy\" width=\"1239\" height=\"1239\" alt=\"Andrei\" class=\"w-full h-full object-cover rounded-[10px]\">\n                                        <\/div>\n                                                                        <div class=\"grid gap-2\">\n                                        <h4 class=\"text-center mb-0 text-[#263238] \">Andrei<\/h4>\n\n                                                                                    <h6 class=\"text-center text-[#858585] mb-0\">Managing Partner<\/h6>\n                                        \n                                                                                    <a href=\"https:\/\/www.linkedin.com\/in\/andreidaniliuc\/\" class=\"text-center flex items-center justify-center text-[#858585]\"><svg width=\"41\" height=\"41\" viewBox=\"0 0 41 41\" fill=\"none\" xmlns=\"http:\/\/www.w3.org\/2000\/svg\">\n                                                    <rect x=\"7.51123\" y=\"8.18726\" width=\"27.1014\" height=\"25.763\" fill=\"white\" \/>\n                                                    <path d=\"M33.7113 3.50134H8.11133C5.90333 3.50134 4.11133 5.29334 4.11133 7.50134V33.1013C4.11133 35.3093 5.90333 37.1013 8.11133 37.1013H33.7113C35.9193 37.1013 37.7113 35.3093 37.7113 33.1013V7.50134C37.7113 5.29334 35.9193 3.50134 33.7113 3.50134ZM14.5113 16.3013V31.5013H9.71133V16.3013H14.5113ZM9.71133 11.8773C9.71133 10.7573 10.6713 9.90134 12.1113 9.90134C13.5513 9.90134 14.4553 10.7573 14.5113 11.8773C14.5113 12.9973 13.6153 13.9013 12.1113 13.9013C10.6713 13.9013 9.71133 12.9973 9.71133 11.8773ZM32.1113 31.5013H27.3113C27.3113 31.5013 27.3113 24.0933 27.3113 23.5013C27.3113 21.9013 26.5113 20.3013 24.5113 20.2693H24.4473C22.5113 20.2693 21.7113 21.9173 21.7113 23.5013C21.7113 24.2293 21.7113 31.5013 21.7113 31.5013H16.9113V16.3013H21.7113V18.3493C21.7113 18.3493 23.2553 16.3013 26.3593 16.3013C29.5353 16.3013 32.1113 18.4853 32.1113 22.9093V31.5013Z\" fill=\"#0072B1\" \/>\n                                                <\/svg>\n                                            <\/a>\n                                        \n                                        \n                                    <\/div>\n                                <\/div>\n                                            <\/div>\n                <\/div>\n            <\/div>\n        <\/div>\n    <\/div>\n<\/div>\n<style>\n    .team_title::before {\n        background-image: url(\"data:image\/svg+xml,%3Csvg width='268' height='129' viewBox='0 0 268 129' fill='none' xmlns='http:\/\/www.w3.org\/2000\/svg'%3E%3Cpath d='M85.2393 26.2635C41.2723 33.9447 -33.4717 59.139 19.2888 98.4667C85.2393 147.626 276.956 136.873 266.22 47.7708C255.484 -41.3311 70.3014 16.401 51.4971 61.597' stroke='%23A28287' stroke-width='1.5'\/%3E%3C\/svg%3E%0A\");\n        content: \"\";\n        display: block;\n        width: 100%;\n        background-repeat: no-repeat;\n        height: 133px;\n        z-index: -1;\n        position: absolute;\n        left: 50%;\n        top: 50%;\n        transform: translate(-50%, -50%);\n        background-position: 50% 50%;\n    }\n<\/style>\n\n\n<p><\/p>\n","protected":false},"excerpt":{"rendered":"","protected":false},"author":2,"featured_media":0,"parent":0,"menu_order":0,"comment_status":"closed","ping_status":"closed","template":"template-page.php","meta":{"_editorskit_title_hidden":false,"_editorskit_reading_time":0,"_editorskit_is_block_options_detached":false,"_editorskit_block_options_position":"{}","inline_featured_image":false,"footnotes":""},"class_list":["post-33","page","type-page","status-publish","hentry"],"acf":[],"_links":{"self":[{"href":"https:\/\/www.talentspotter.ro\/ro\/wp-json\/wp\/v2\/pages\/33","targetHints":{"allow":["GET"]}}],"collection":[{"href":"https:\/\/www.talentspotter.ro\/ro\/wp-json\/wp\/v2\/pages"}],"about":[{"href":"https:\/\/www.talentspotter.ro\/ro\/wp-json\/wp\/v2\/types\/page"}],"author":[{"embeddable":true,"href":"https:\/\/www.talentspotter.ro\/ro\/wp-json\/wp\/v2\/users\/2"}],"replies":[{"embeddable":true,"href":"https:\/\/www.talentspotter.ro\/ro\/wp-json\/wp\/v2\/comments?post=33"}],"version-history":[{"count":55,"href":"https:\/\/www.talentspotter.ro\/ro\/wp-json\/wp\/v2\/pages\/33\/revisions"}],"predecessor-version":[{"id":1222,"href":"https:\/\/www.talentspotter.ro\/ro\/wp-json\/wp\/v2\/pages\/33\/revisions\/1222"}],"wp:attachment":[{"href":"https:\/\/www.talentspotter.ro\/ro\/wp-json\/wp\/v2\/media?parent=33"}],"curies":[{"name":"wp","href":"https:\/\/api.w.org\/{rel}","templated":true}]}}