{"id":514,"date":"2023-03-21T08:59:29","date_gmt":"2023-03-21T08:59:29","guid":{"rendered":"https:\/\/www.talentspotter.ro\/?page_id=514"},"modified":"2026-04-24T11:51:25","modified_gmt":"2026-04-24T09:51:25","slug":"termeni-si-conditii","status":"publish","type":"page","link":"https:\/\/www.talentspotter.ro\/ro\/termeni-si-conditii\/","title":{"rendered":"Termeni \u0219i condi\u021bii"},"content":{"rendered":"\n<h3 class=\"wp-block-heading\"><strong>TERMENI DE UTILIZARE<\/strong><\/h3>\n\n\n\n<p>Utilizarea \u0219i vizitarea site-ului http:\/\/www.talentspotter.ro\/ (numit \u00een continuare \u201dWEBSITE\u201d) este guvernat\u0103 de con\u021binutul acestor Termeni \u0219i Condi\u021bii. Prin accesarea \u0219i navigarea pe \u201dWEBSITE\u201d confirma\u021bi faptul c\u0103 a\u021bi citit \u0219i sunte\u021bi de acord cu ace\u0219ti Termeni &amp; Condi\u021bii.\u00a0 Pute\u021bi imprima \u0219i p\u0103stra o copie a acestor Termeni &amp; Condi\u021bii, care are au valoare de agreement \u00eentre SC TALENT SPOTTER SRL \u0219i dvs. Pentru a \u00een\u021belege modul \u00een care sunt tratate datele dvs. personale \u00een calitate de vizitatori ai site-ului nostru, v\u0103 rug\u0103m s\u0103 citi\u021bi cu aten\u021bie <strong>Politica de Confiden\u021bialitate <\/strong><em>(se va pune linkul c\u0103tre pagina cu Politica de Confiden\u021bialitate).\u00a0<\/em><\/p>\n\n\n\n<p><br><\/p>\n\n\n\n<h3 class=\"wp-block-heading\"><strong>ACURATE\u021aEA INFORMA\u021aIILOR \u0218I RENUN\u021aAREA LA R\u0102SPUNDERE<\/strong><\/h3>\n\n\n\n<p>TALENT SPOTTER \u00ee\u0219i propune s\u0103 asigure c\u0103 toate informa\u021biile de pe WEBSITE sunt corecte. Cu toate acestea, site-ul \u0219i materialele disponibile pe acest WEBSITE sunt furnizate numai \u00een scopuri informative generale \u0219i nu sunt destinate s\u0103 furnizeze informa\u021bii complete sau \u00eendrum\u0103ri cu privire la subiectele acoperite. \u00cenainte de a \u00eencheia un contract bazat pe sau \u00een leg\u0103tur\u0103 cu informa\u021biile de pe acest site, trebuie s\u0103 ob\u021bine\u021bi informa\u021bii complete de la organiza\u021bia sau persoana cu care stabili\u021bi contractul. TALENT SPOTTER nu este responsabil pentru informa\u021biile furnizate de orice ter\u021b\u0103 parte \u00een leg\u0103tur\u0103 cu un astfel de contract. Prin vizitarea WEBSITE-ului recunoa\u0219te\u021bi c\u0103 orice asumare a \u00eencrederii pentru orice informa\u021bie sau orice alt material con\u021binut pe acest WEBSITE este \u00een \u00eentregime pe propriul dvs. risc \u0219i toate celelalte garan\u021bii, angajamente, condi\u021bii \u0219i termeni, exprese sau implicite (inclusiv, f\u0103r\u0103 limitare, \u00een ceea ce prive\u0219te calitatea, gradul de adecvare pentru utilizare, performan\u021ba sau adecvarea scopului) \u00een ceea ce prive\u0219te WEBSITE-ul sunt astfel excluse \u00een cea mai mare m\u0103sur\u0103 permis\u0103 de lege.<\/p>\n\n\n\n<p><br><\/p>\n\n\n\n<h3 class=\"wp-block-heading\"><strong>CODUL DE CONDUIT\u0102<\/strong><\/h3>\n\n\n\n<p>Prin navigarea pe WEBSITE sunte\u021bi de acord s\u0103 v\u0103 asigura\u021bi c\u0103 detaliile pe care ni le furniza\u021bi prin intermediul formularelor de colectare a datelor sunt corecte \u0219i s\u0103 ne informa\u021bi cu promptitudine dac\u0103 vreunul dintre detaliile pe care ni le-a\u021bi furnizat despre dvs. se schimb\u0103. Dac\u0103 accesa\u021bi orice parte a WEBSITE-ului, sunte\u021bi de acord:<\/p>\n\n\n\n<ul class=\"wp-block-list\">\n<li>s\u0103 nu folosi\u021bi site-ul \u00een a\u0219a fel \u00eenc\u00e2t s\u0103 perturba\u021bi, s\u0103 interfera\u021bi sau s\u0103 restr\u00e2nge\u021bi utilizarea WEBSITE-ului de al\u021bi utilizatori ter\u021bi;<\/li>\n\n\n\n<li>s\u0103 v\u0103 asigura\u021bi c\u0103 orice materiale \u00eenc\u0103rcate, afi\u0219ate sau transmise de dvs. prin sau pe WEBSITE nu sunt false, ofensatoare, def\u0103im\u0103toare, amenin\u021b\u0103toare, obscene, ilegale \u0219i nu \u00eencalc\u0103 drepturile oric\u0103rei persoane, oriunde \u00een lume \u0219i renun\u021b\u0103 la orice drepturi morale cu privire la astfel de materiale;<\/li>\n\n\n\n<li>s\u0103 nu revizui\u021bi, s\u0103 decompila\u021bi, s\u0103 copia\u021bi sau s\u0103 adapta\u021bi orice software sau alt cod sau script care fac parte din WEBSITE \u0219i nici s\u0103 \u00eencerca\u021bi s\u0103 transmite\u021bi pe sau prin WEBSITE orice informa\u021bie care con\u021bine un virus, vierme, cal troian sau alte component\u0103 perturbatoare;<\/li>\n\n\n\n<li>s\u0103 nu trimite\u021bi un e-mail &#8222;spam&#8221; sau orice coresponden\u021b\u0103 nesolicitat\u0103 care nu are leg\u0103tur\u0103 cu activit\u0103\u021bile TALENT SPOTTER, la orice adres\u0103 disponibil\u0103 pe WEBSITE;&nbsp;<\/li>\n\n\n\n<li>s\u0103 nu schimba\u021bi, s\u0103 modifica\u021bi, s\u0103 \u0219terge\u021bi, s\u0103 interfera\u021bi sau s\u0103 utiliza\u021bi&nbsp; \u00een mod incorect datele con\u021binute pe Site introduse de sau referitoare la orice utilizator ter\u021b al WEBSITE-ului.<\/li>\n<\/ul>\n\n\n\n<p>Dac\u0103 suferim pierderi din cauza \u00eenc\u0103lc\u0103rii de c\u0103tre dvs. a acestor Termeni de utilizare, sunte\u021bi de acord s\u0103 ne desp\u0103gubi\u021bi pe deplin pentru orice pierdere. Trebuie s\u0103 v\u0103 asigura\u021bi c\u0103 ave\u021bi o protec\u021bie adecvat\u0103 \u00eempotriva viru\u0219ilor de calculator, a viermilor, troienilor sau a altor tipuri de atacuri r\u0103u-inten\u021bionate \u00een timp ce utiliza\u021bi Internetul \u0219i c\u0103 ave\u021bi o conexiune sigur\u0103 la WEBSITE.&nbsp;<br> <\/p>\n\n\n\n<h3 class=\"wp-block-heading\"><strong>DREPTURI DE PROPRIETATE INTELECTUAL\u0102<\/strong><\/h3>\n\n\n\n<p>TALENT SPOTTER este proprietarul exclusiv al tuturor drepturilor de proprietate intelectual\u0103 referitoare la con\u021binutului acestui WEBSITE, inclusiv, f\u0103r\u0103 a se limita la, articole, texte, fotografii, ilustra\u021bii, clipuri audio \u0219i video, m\u0103rci comerciale, embleme \u0219i modele. Nicio sec\u021biune din con\u021binutul de proprietate intelectual\u0103 al acestui site nu poate fi reprodus\u0103, distribuit\u0103 sau publicat\u0103 sub nici o form\u0103 sau prin niciun mijloc, f\u0103r\u0103 acordul scris prealabil al TALENT SPOTTER. Prin urmare, vizitatorii WEBSITE-ului trebuie s\u0103 \u00een\u021beleag\u0103 \u0219i s\u0103 nu modifice, s\u0103 v\u00e2nd\u0103, s\u0103 distribuie sau s\u0103 creeze lucr\u0103ri\/opere\/ derivate, pe baza imaginilor \u0219i a informa\u021biilor publicate pe acest site. Toate trade name-urile, trademark-urile, logo-urile \u0219i trade style-urile sunt proprietatea TALENT SPOTTER sau a partenerilor s\u0103i. Utilizarea adecvat\u0103 a acestora se poate face numai \u00een contextul produselor \u0219i serviciilor proprietarului m\u0103rcilor, nici o alt\u0103 folosire a acestora nefiind permis\u0103 f\u0103r\u0103 o aprobare scris\u0103 anterioar\u0103. Pute\u021bi tip\u0103ri extrase de con\u021binut de pe WEBSITE sau oricare dintre pagini doar pentru interesul dvs. personal, dar \u00een niciun caz \u0219i pentru alte scopuri. Pute\u021bi face o copie temporar\u0103 a acestor pagini pentru scopul vizualiz\u0103rii paginii din aplica\u021bia de browser, dar nu ave\u021bi permisiunea de a copia, reproduce sau redistribui con\u021binutul acestor pagini, \u00een \u00eentregime sau pe p\u0103r\u021bi, f\u0103r\u0103 consim\u021b\u0103m\u00e2ntul scris al TALENT SPOTTER. Toate celelalte drepturi sunt rezervate.<br><br><\/p>\n\n\n\n<h3 class=\"wp-block-heading\"><strong>LIMITAREA R\u0102SPUNDERII<\/strong><\/h3>\n\n\n\n<p>WEBSITE-ul poate include leg\u0103turi hipertext la paginile de Internet ale unor ter\u021be p\u0103r\u021bi. TALENT SPOTTER nu este responsabil pentru \u0219i nu poate acorda garan\u021bii cu privire la con\u021binutul sau disponibilitatea materialelor de pe oricare alte site-uri ce apar\u021bin unor ter\u021bi. Privitor la con\u021binutul WEBSITE-ului, TALENT SPOTTER nu este \u0219i nu poate fi f\u0103cut responsabil pentru prejudiciile create de erorile, lipsa de acurate\u021be sau neactualizarea informa\u021biilor publicate sau men\u021binute pe WEBSITE, care nu se datoreaz\u0103 culpei sale. Imaginile sunt prezentate pe WEBSITE cu titlu informativ, iar solu\u021biile livrate, pot diferi de imagini \u00een orice mod, datorit\u0103 modific\u0103rii caracteristicilor, design-ului cu sau f\u0103r\u0103 notificare prealabil\u0103 de c\u0103tre produc\u0103tori. TALENT SPOTTER nu r\u0103spunde de nici o pierdere, costuri, procese, preten\u021bii, cheltuieli sau alte imput\u0103ri, \u00een cazul \u00een care acestea sunt cauzate direct de nerespectarea termenilor \u0219i condi\u021biilor. TALENT SPOTTER nu r\u0103spunde pentru prejudiciile create ca urmare a nefunc\u021bionalii WEBSITE-ului precum \u0219i pentru cele rezult\u00e2nd din imposibilitatea de a accesa anumite link-uri publicate pe WEBSITE care NU sunt din vina acestuia.<\/p>\n\n\n\n<p>ORICE OPINII EXPRIMATE PE FORMULARELE PENTRU MESAJE NU SUNT \u00ceN MOD NECESAR CELE ALE TALENT SPOTTER<br><br><\/p>\n\n\n\n<h3 class=\"wp-block-heading\"><strong>UTILIZAREA DE COOKIES<\/strong><\/h3>\n\n\n\n<p>WEBSITE-ul TALENT SPOTTER utilizeaz\u0103 Cookies. Cookie-urile sunt mici fi\u0219iere de text care sunt stocate la nivel local, \u00een cele mai multe cazuri temporar, \u00een cache-ul browser-ului dumneavoastr\u0103. Cookie-urile sunt folosite, \u00een special, pentru recunoa\u0219terea browser-ului de Internet, dar \u0219i pentru controlul sesiunii \u0219i pentru analiza statistic\u0103. Informa\u021bii complete despre Cookies, ce fel de Cookies folosim, care este perioada de reten\u021bie \u0219i cine mai are acces la aceste informa\u021bii sunt prezentate \u00een pagina&nbsp; ce con\u021bine Politica de Cookies:(se trece linkul c\u0103tre pagina ce con\u021bine Politica de Cookies)<\/p>\n\n\n\n<p><\/p>\n\n\n\n<h3 class=\"wp-block-heading\"><strong>CONFIDEN\u021aIALITATE<\/strong><\/h3>\n\n\n\n<p>Prin folosirea acestui WEBSITE, v\u0103 da\u021bi acordul ca societatea TALENT SPOTTER s\u0103 proceseze datele personale pe care ni le \u00eencredin\u021ba\u021bi, doar pentru scopurile pentru care aceste date sunt solicitate.&nbsp; TALENT SPOTTER este unicul de\u021bin\u0103tor al informa\u021biilor colectate de pe acest WEBSITE. TALENT SPOTTER se oblig\u0103 ca datele personale astfel colectate s\u0103 nu fie difuzate c\u0103tre ter\u021bi, \u00een concordan\u021b\u0103 cu Politica de Confiden\u021bialitate pentru prelucrarea datelor personale (se trece linkul c\u0103tre pagina ce con\u021bine Politica de confiden\u021bialitate)<\/p>\n\n\n\n<p><\/p>\n\n\n\n<h3 class=\"wp-block-heading\"><strong>CONTACT<\/strong><\/h3>\n\n\n\n<p>Pentru orice probleme legate de con\u021binutul acestor Termeni \u0219i Condi\u021bii, drepturile \u0219i obliga\u021biile utilizatorilor WEBSITE ne pute\u021bi contacta prin po\u0219t\u0103 sau curier la adresa sediului TALENT SPOTTER din ora\u0219ul Bucure\u015fti Sectorul 1, Strada Lt. Radu Beller, Nr. 3-5 sau la adresa de email: <a href=\"mailto:alina@talentspotter.ro\">alina@talentspotter.ro<\/a>\u00a0<\/p>\n","protected":false},"excerpt":{"rendered":"<p>TERMENI DE UTILIZARE Utilizarea \u0219i vizitarea site-ului http:\/\/www.talentspotter.ro\/ (numit \u00een continuare \u201dWEBSITE\u201d) este guvernat\u0103 de con\u021binutul acestor Termeni \u0219i Condi\u021bii. [&hellip;]<\/p>\n","protected":false},"author":2,"featured_media":0,"parent":0,"menu_order":0,"comment_status":"closed","ping_status":"closed","template":"","meta":{"_editorskit_title_hidden":false,"_editorskit_reading_time":0,"_editorskit_is_block_options_detached":false,"_editorskit_block_options_position":"{}","inline_featured_image":false,"footnotes":""},"class_list":["post-514","page","type-page","status-publish","hentry"],"acf":[],"_links":{"self":[{"href":"https:\/\/www.talentspotter.ro\/ro\/wp-json\/wp\/v2\/pages\/514","targetHints":{"allow":["GET"]}}],"collection":[{"href":"https:\/\/www.talentspotter.ro\/ro\/wp-json\/wp\/v2\/pages"}],"about":[{"href":"https:\/\/www.talentspotter.ro\/ro\/wp-json\/wp\/v2\/types\/page"}],"author":[{"embeddable":true,"href":"https:\/\/www.talentspotter.ro\/ro\/wp-json\/wp\/v2\/users\/2"}],"replies":[{"embeddable":true,"href":"https:\/\/www.talentspotter.ro\/ro\/wp-json\/wp\/v2\/comments?post=514"}],"version-history":[{"count":4,"href":"https:\/\/www.talentspotter.ro\/ro\/wp-json\/wp\/v2\/pages\/514\/revisions"}],"predecessor-version":[{"id":1450,"href":"https:\/\/www.talentspotter.ro\/ro\/wp-json\/wp\/v2\/pages\/514\/revisions\/1450"}],"wp:attachment":[{"href":"https:\/\/www.talentspotter.ro\/ro\/wp-json\/wp\/v2\/media?parent=514"}],"curies":[{"name":"wp","href":"https:\/\/api.w.org\/{rel}","templated":true}]}}