{"id":566,"date":"2023-03-23T10:25:56","date_gmt":"2023-03-23T08:25:56","guid":{"rendered":"https:\/\/www.talentspotter.ro\/politica-de-cookies\/"},"modified":"2026-04-24T11:47:19","modified_gmt":"2026-04-24T09:47:19","slug":"politica-de-cookies","status":"publish","type":"page","link":"https:\/\/www.talentspotter.ro\/ro\/politica-de-cookies\/","title":{"rendered":"Politica de cookies"},"content":{"rendered":"\n<p>Aceast\u0103 politic\u0103 reglementeaz\u0103 utilizarea cookie-urilor \u0219i stabile\u0219te temeiul legal al companiei TALENT SPOTTER pentru utilizarea &#8222;cookie-urilor&#8221; \u0219i tehnologiilor similare pe website sau pe sisteme care au leg\u0103tura cu website-ul: <a href=\"http:\/\/www.talentspotter.ro\/\">http:\/\/www.talentspotter.ro\/<\/a>. Aceast\u0103 politic\u0103 se refer\u0103 la cookie-urile \u0219i la tehnologiile similare folosite, dup\u0103 caz, \u00een website-ul operat de S.C. TALENT SPOTTER S.R.L. cu sediul \u00een ora\u0219ul Bucure\u015fti Sectorul 1, Strada Lt. Radu Beller, Nr. 3-5. Aceast\u0103 politic\u0103 se completeaz\u0103 cu politica TALENT SPOTTER cu privire la protec\u021bia datelor personale \u00een general \u0219i cu Termenii \u0219i Condi\u021biile site-ului pe care le pute\u021bi g\u0103si la ( <a href=\"https:\/\/www.talentspotter.ro\/ro\/politica-de-confidentialitate\/\" data-type=\"URL\" data-id=\"\/ro\/politica-de-confidentialitate\/\">\/ro\/politica-de-confidentialitate\/<\/a> \u0219i <a href=\"https:\/\/www.talentspotter.ro\/ro\/termeni-si-conditii\/\" data-type=\"URL\" data-id=\"\/termeni-si-conditii\/\">\/ro\/termeni-si-conditii\/<\/a> ) pe care v\u0103 \u00eencuraj\u0103m s\u0103 le citi\u021bi.<\/p>\n\n\n\n<h3 class=\"wp-block-heading\"><strong>DESPRE COOKIES<\/strong><\/h3>\n\n\n\n<p>Cookies sunt fi\u0219iere mici de text, formate din litere \u0219i numere, trimise de serverul unui website c\u0103tre un navigator Web (Web browser: Internet Explorer, Chrome, Safari, Opera, etc.), memorie RAM sau unitate de hard disk \u0219i apoi stocate acolo. Cookie-ul este instalat prin solicitarea emis\u0103 de c\u0103tre terminalul utilizatorului c\u0103tre un server TALENT SPOTTER sau c\u0103tre un server al unei ter\u021be p\u0103r\u021bi.<\/p>\n\n\n\n<p>Acestea pot fi utilizate cu scopuri diferite, cum ar fi: personalizarea website-ului \u00een func\u021bie de nevoile unui anumit utilizator, ajutarea unui utilizator s\u0103 navigheze pe website-ul respectiv, \u00eembun\u0103t\u0103\u021birea calit\u0103\u021bii website-ului pentru utilizator sau stocarea preferin\u021belor utilizatorului \u0219i informa\u021biilor de conectare.<\/p>\n\n\n\n<p>Cookies asigur\u0103 utilizatorilor o experien\u021b\u0103 pl\u0103cut\u0103 de navigare \u0219i sus\u021bin eforturile TALENT SPOTTER pentru a oferi servicii mai adaptate utilizatorilor, ex: \u2013 preferin\u021bele \u00een materie de confiden\u021bialitate online. De asemenea, sunt utilizate \u00een preg\u0103tirea unor statistici anonime agregate care ne ajut\u0103 s\u0103 \u00een\u021belegem cum un utilizator beneficiaz\u0103 de paginile noastre de Internet, permi\u021b\u00e2ndu-ne \u00eembun\u0103t\u0103\u021birea structurii \u0219i con\u021binutului lor, f\u0103r\u0103 a permite identificarea personal\u0103 a utilizatorului.<\/p>\n\n\n\n<h3 class=\"wp-block-heading\"><strong>CLASIFICARE<\/strong><\/h3>\n\n\n\n<p><strong>Cookies &#8222;esen\u021biale&#8221; sau &#8222;neesen\u021biale&#8221;- <\/strong>Cookie-urile esen\u021biale: prezint\u0103 una dintre urm\u0103toarele dou\u0103 caracteristici:<\/p>\n\n\n\n<p>\u2022 sunt utilizate exclusiv pentru efectuarea sau facilitarea comunic\u0103rii \u00eentr-o re\u021bea; sau<\/p>\n\n\n\n<p>\u2022 sunt strict necesare pentru furnizarea unui serviciu online (de ex. website-ul nostru sau un serviciu de pe website-ul nostru) solicitat de c\u0103tre dvs.<\/p>\n\n\n\n<p>Cookie-uri neesen\u021biale: Acestea nu se \u00eencadreaz\u0103 \u00een defini\u021bia cookie-urilor esen\u021biale, deoarece nu sunt strict necesare pentru func\u021bionarea unui site sau a serviciilor oferite pe acesta, precum cookie-urile utilizate pentru analizarea comportamentul pe un website (cookie-uri \u201eanalitice&#8221;) sau cookie-urile utilizate pentru afi\u0219area de reclame.<\/p>\n\n\n\n<p><strong>Cookies de sesiune \u0219i persistente &#8211; <\/strong>\u00cen func\u021bie de perioada de stocare dup\u0103 plasarea lor \u00eentr-un browser, Cookie-urile pot fi de dou\u0103 tipuri: \u201ede sesiune&#8221; \u0219i \u201epersistente&#8221;, <\/p>\n\n\n\n<p>Cookie-urile de sesiune: r\u0103m\u00e2n pe dispozitiv at\u00e2ta timp c\u00e2t navigatorul Web este deschis. Acestea expir\u0103 c\u00e2nd navigatorul Web este \u00eenchis.<\/p>\n\n\n\n<p>Cookie-urile persistente: expir\u0103 dup\u0103 o anumit\u0103 perioad\u0103 de timp sau dac\u0103 sunt \u0219terse manual din navigatorul Web.<\/p>\n\n\n\n<p><strong>Cookie-urile noastre sau ale p\u0103r\u021bilor ter\u021be &#8211; <\/strong>\u00cen func\u021bie de apartenen\u021b\u0103, Cookie-urile pot fi clasificate \u00een dou\u0103 grupuri: cele care apar\u021bin site-ului vizitat sau cele care apar\u021bin p\u0103r\u021bilor ter\u021be.<\/p>\n\n\n\n<ul class=\"wp-block-list\">\n<li>Cookie-urile care apar\u021bin website-ului nostru (primare): sunt cookie-urile plasate pe dispozitivul dvs. de c\u0103tre domeniul website-ului nostru.<\/li>\n\n\n\n<li>Cookie-urile care apar\u021bin ter\u021bilor: sunt cookie-urile plasate pe dispozitivul dvs. de c\u0103tre domenii ale unor website-uri care apar\u021bin unor p\u0103r\u021bi ter\u021be.<\/li>\n<\/ul>\n\n\n\n<h3 class=\"wp-block-heading\"><strong>DE CE UTILIZ\u0102M COOKIES<\/strong><\/h3>\n\n\n\n<p>Cookie-urile \u0219i\/sau tehnologiile similare reprezint\u0103 un punct central al func\u021bion\u0103rii eficiente a Internetului, ajut\u00e2nd la generarea unei experien\u021be de navigare prietenoase \u0219i adaptate preferin\u021belor \u0219i intereselor fiec\u0103rui utilizator. Refuzarea sau dezactivarea cookie-urilor poate face unele site-uri sau p\u0103r\u021bi ale site-urilor imposibil de folosit. Dezactivarea cookie-urilor nu \u00eenseamn\u0103 c\u0103 nu ve\u021bi mai primi, cu respectarea legisla\u021biei, publicitate online \u2013 ci doar c\u0103 aceasta nu va mai putea \u021bine cont de preferin\u021bele \u0219i interesele dvs., eviden\u021biate prin comportamentul de navigare.<\/p>\n\n\n\n<p>Exemple de \u00eentrebuin\u021b\u0103ri importante ale cookie-urilor (care nu necesit\u0103 autentificarea unui utilizator prin intermediul unui cont):<\/p>\n\n\n\n<ul class=\"wp-block-list\">\n<li>Con\u021binut \u0219i servicii adaptate preferin\u021belor utilizatorului \u2013 categorii de produse \u0219i servicii.<\/li>\n\n\n\n<li>Oferte adaptate intereselor utilizatorilor<\/li>\n\n\n\n<li>M\u0103surarea, optimizarea \u0219i adaptarea caracteristicilor de analiz\u0103 \u2013 cum ar fi confirmarea unui anumit nivel de trafic pe un website, ce tip de con\u021binut este vizualizat \u0219i modul cum un utilizator ajunge pe un website (ex: prin motoare de c\u0103utare, direct, din alte website-uri etc.). Website-urile deruleaz\u0103 aceste analize privitoare la utilizarea lor pentru a-\u0219i \u00eembun\u0103t\u0103\u021bi serviciile \u00een beneficiul utilizatorilor.<\/li>\n<\/ul>\n\n\n\n<h3 class=\"wp-block-heading\"><strong>TIPURI DE COOKIES PE CARE LE UTILIZ\u0102M<\/strong><\/h3>\n\n\n\n<p>TALENT SPOTTER utilizeaz\u0103 urm\u0103toarele tipuri de cookies pe website-ul <a href=\"http:\/\/www.talentspotter.ro\/\">http:\/\/www.talentspotter.ro\/<\/a><\/p>\n\n\n\n<figure class=\"wp-block-table\"><table><thead><tr><th scope=\"col\"><strong>Nume<\/strong><\/th><th scope=\"col\"><strong>Versiune<\/strong><\/th><th scope=\"col\"><strong>Tip<\/strong><\/th><th scope=\"col\"><strong>Apartenen\u021b\u0103<\/strong><\/th><th scope=\"col\"><strong>De sesiune\/ Persistente<\/strong><\/th><th scope=\"col\"><strong>Data expirare<\/strong><\/th><th scope=\"col\">Scopul utiliz\u0103rii<\/th><\/tr><\/thead><tbody><tr><td>PHPSESSID<\/td><td>Esen\u021bial<\/td><td>HTTP<\/td><td>TALENT SPOTTER<\/td><td>De sesiune<\/td><td>sesiune<\/td><td>P\u0103streaz\u0103 starea sesiunii utilizatorilor \u00eentre solicit\u0103rile de pagini.<\/td><\/tr><tr><td>__utm.gif<\/td><td>Neesen\u021bial<\/td><td>Statistic<\/td><td>google-analytics.com<\/td><td>De sesiune<\/td><td>sesiune<\/td><td>Codul de urm\u0103rire Google Analytics care \u00eenregistreaz\u0103 detalii despre browserul \u0219i computerul vizitatorului.<\/td><\/tr><tr><td><\/td><td><\/td><td><\/td><td><\/td><td><\/td><td><\/td><td><\/td><\/tr><tr><td><\/td><td><\/td><td><\/td><td><\/td><td><\/td><td><\/td><td><\/td><\/tr><\/tbody><\/table><\/figure>\n\n\n\n<h3 class=\"wp-block-heading\"><strong>ADMINISTRAREA PREFERIN\u021aELOR<\/strong><\/h3>\n\n\n\n<p>\u00cen general, o aplica\u021bie folosit\u0103 pentru accesarea paginilor web permite salvarea cookie-urilor \u0219i\/sau a tehnologiilor similare pe terminal \u00een mod implicit. Acestea sunt stocate pe perioade descrise \u00een tabelul de mai sus. Aceste set\u0103ri pot fi schimbate \u00een a\u0219a fel, \u00eenc\u00e2t administrarea automat\u0103 a cookie-urilor s\u0103 fie blocat\u0103 de browser-ul web sau utilizatorul s\u0103 fie informat de fiecare dat\u0103 c\u00e2nd cookie-uri sunt trimise c\u0103tre terminalul s\u0103u.<\/p>\n\n\n\n<p>Informa\u021bii detaliate despre posibilit\u0103\u021bile \u0219i modurile de administrare a cookie-urilor pot fi g\u0103site \u00een zona de set\u0103ri a aplica\u021biei (browser-ului web). <\/p>\n\n\n\n<p><strong>Acceptarea sau respingerea de Cookies \u2013 <\/strong>Orice utilizator al site-ului <a href=\"http:\/\/www.talentspotter.ro\/\">http:\/\/www.talentspotter.ro\/<\/a> poate accepta utilizarea de cookies, \u00eenainte de \u00eenceperea navig\u0103rii pe site, prin simpla ap\u0103sare a butonului \u201dACCEPT\u201d de pe bara de Cookies care este afi\u0219at\u0103 pe ecran. \u00centr-un mod asem\u0103n\u0103tor \u0219i \u00een deplin respect cu condi\u021biile de ob\u021binere a consim\u021b\u0103m\u00e2ntului, orice vizitator are dreptul de a nu fi de acord cu utilizarea de cookies, prin simpla ap\u0103sare a butonului de \u201dREFUZ\u201d aflat pe aceea\u0219i bar\u0103 de cookies. Ac\u021biunea de refuz nu va \u00eempiedica navigarea \u00een continuare pe site, iar singurele consecin\u021be s-ar putea s\u0103 fie un timp pu\u021bin mai mare de \u00eenc\u0103rcare a unor pagini. <\/p>\n\n\n\n<h3 class=\"wp-block-heading\"><strong>ALINIEREA LA CERIN\u021aELE GDPR<\/strong><\/h3>\n\n\n\n<p>Prin aceast\u0103 Politic\u0103 de Cookies demonstr\u0103m respectarea principiului GDPR al transparen\u021bei, deoarece explic\u0103m utilizatorilor ce sunt cookie-urile, de ce le utiliz\u0103m, care sunt tipurile de cookie-uri utilizate, perioada de reten\u021bie pentru fiecare tip de cookie, modul \u00een care pute\u021bi accepta sau renun\u021ba la cookies prin ac\u021biuni simple \u0219i directe, precum \u0219i op\u021biunea de setare a cookie-urilor prin setarea meniurilor din browser.<\/p>\n\n\n\n<p>Politica noast\u0103 de Cookies nu condi\u021bioneaz\u0103 navigarea pe site de acceptarea de Cookies, dar descrie \u00eentr-un limbaj accesibil care sunt inconvenientele care pot s\u0103 apar\u0103 \u00een cazul \u00een care se renun\u021b\u0103 par\u021bial sau total la Cookies. Consim\u021b\u0103m\u00e2ntul sau refuzul de folosire a Cookie-urilor sunt ac\u021biuni directe, clare, care r\u0103spund \u00een mod transparent dorin\u021bei utilizatorului. Site-ul TALENT SPOTTER nu utilizeaz\u0103 casete pre-bifate de ob\u021binere a consim\u021b\u0103m\u00e2ntului \u0219i nici nu condi\u021bioneaz\u0103 navigarea de acceptarea utiliz\u0103rii de cookies.<\/p>\n","protected":false},"excerpt":{"rendered":"<p>Aceast\u0103 politic\u0103 reglementeaz\u0103 utilizarea cookie-urilor \u0219i stabile\u0219te temeiul legal al companiei TALENT SPOTTER pentru utilizarea &#8222;cookie-urilor&#8221; \u0219i tehnologiilor similare pe [&hellip;]<\/p>\n","protected":false},"author":2,"featured_media":0,"parent":0,"menu_order":0,"comment_status":"closed","ping_status":"closed","template":"","meta":{"_editorskit_title_hidden":false,"_editorskit_reading_time":0,"_editorskit_is_block_options_detached":false,"_editorskit_block_options_position":"{}","inline_featured_image":false,"footnotes":""},"class_list":["post-566","page","type-page","status-publish","hentry"],"acf":[],"_links":{"self":[{"href":"https:\/\/www.talentspotter.ro\/ro\/wp-json\/wp\/v2\/pages\/566","targetHints":{"allow":["GET"]}}],"collection":[{"href":"https:\/\/www.talentspotter.ro\/ro\/wp-json\/wp\/v2\/pages"}],"about":[{"href":"https:\/\/www.talentspotter.ro\/ro\/wp-json\/wp\/v2\/types\/page"}],"author":[{"embeddable":true,"href":"https:\/\/www.talentspotter.ro\/ro\/wp-json\/wp\/v2\/users\/2"}],"replies":[{"embeddable":true,"href":"https:\/\/www.talentspotter.ro\/ro\/wp-json\/wp\/v2\/comments?post=566"}],"version-history":[{"count":2,"href":"https:\/\/www.talentspotter.ro\/ro\/wp-json\/wp\/v2\/pages\/566\/revisions"}],"predecessor-version":[{"id":1448,"href":"https:\/\/www.talentspotter.ro\/ro\/wp-json\/wp\/v2\/pages\/566\/revisions\/1448"}],"wp:attachment":[{"href":"https:\/\/www.talentspotter.ro\/ro\/wp-json\/wp\/v2\/media?parent=566"}],"curies":[{"name":"wp","href":"https:\/\/api.w.org\/{rel}","templated":true}]}}